{"id":6239,"date":"2020-02-27T16:44:16","date_gmt":"2020-02-27T16:44:16","guid":{"rendered":"https:\/\/www.hrso-onrh.org\/francais\/?page_id=6239"},"modified":"2026-01-20T21:17:05","modified_gmt":"2026-01-20T21:17:05","slug":"consultation-publique-sur-les-projets-de-normes","status":"publish","type":"page","link":"https:\/\/www.hrso-onrh.org\/francais\/vous-et-onrh\/consultation-publique-sur-les-projets-de-normes\/","title":{"rendered":"Consultation publique sur les projets de normes"},"content":{"rendered":"<div   class='avia-fullscreen-slider main_color   avia-builder-el-0  el_before_av_textblock  avia-builder-el-first  container_wrap fullsize'  >\n<style type=\"text\/css\" data-created_by=\"avia_inline_auto\" id=\"style-css-av-k74z8km8-c785bd11a816a096e00d0bc3ad000019\">\n#top #wrap_all .avia-slideshow .av-slideshow-caption.av-k74z8km8-c785bd11a816a096e00d0bc3ad000019__0 .avia-caption-title{\nfont-size:36px;\ncolor:#ffffff;\n}\n#top .avia-slideshow .av-slideshow-caption.av-k74z8km8-c785bd11a816a096e00d0bc3ad000019__0 .avia-caption-content{\ncolor:#ffffff;\n}\n<\/style>\n<a href='#next-section' title='' class='scroll-down-link av-control-default avia-svg-icon avia-font-svg_entypo-fontello' data-av_svg_icon='down-open-mini' data-av_iconset='svg_entypo-fontello'><svg version=\"1.1\" xmlns=\"http:\/\/www.w3.org\/2000\/svg\" width=\"15\" height=\"32\" viewBox=\"0 0 15 32\" preserveAspectRatio=\"xMidYMid meet\" aria-labelledby='av-svg-title-1' aria-describedby='av-svg-desc-1' role=\"graphics-symbol\" aria-hidden=\"true\">\n<title id='av-svg-title-1'>Scroll to next section<\/title>\n<desc id='av-svg-desc-1'>Scroll to next section<\/desc>\n<path d=\"M12.96 12.16q0.704-0.832 1.536 0 0.832 0.704 0 1.536l-6.272 6.144q-0.704 0.704-1.536 0l-6.272-6.144q-0.832-0.832 0-1.536 0.768-0.768 1.6 0l5.44 4.992z\"><\/path>\n<\/svg><\/a><div  class='avia-slideshow av-k74z8km8-c785bd11a816a096e00d0bc3ad000019 avia-slideshow-no scaling av_fullscreen avia-fade-slider av-slideshow-ui av-control-default av-slideshow-manual av-loop-once av-loop-manual-endless av-slider-scroll-down-active av-default-height-applied   avia-slideshow-1' data-slideshow-options=\"{&quot;animation&quot;:&quot;fade&quot;,&quot;autoplay&quot;:false,&quot;loop_autoplay&quot;:&quot;once&quot;,&quot;interval&quot;:5,&quot;loop_manual&quot;:&quot;manual-endless&quot;,&quot;autoplay_stopper&quot;:false,&quot;noNavigation&quot;:false,&quot;bg_slider&quot;:true,&quot;keep_padding&quot;:false,&quot;hoverpause&quot;:false,&quot;show_slide_delay&quot;:0,&quot;slide_height&quot;:&quot;100&quot;,&quot;image_attachment&quot;:&quot;fixed&quot;}\"  itemprop=\"image\" itemscope=\"itemscope\" itemtype=\"https:\/\/schema.org\/ImageObject\" ><ul class='avia-slideshow-inner ' style='padding-bottom: 50%;'><li style='background-position:center center;' data-img-url='https:\/\/www.hrso-onrh.org\/francais\/wp-content\/uploads\/YouandHRSO.jpg' class='avia-slideshow-slide av-k74z8km8-c785bd11a816a096e00d0bc3ad000019__0  av-single-slide slide-1 slide-odd'><div data-rel='slideshow-1' class='avia-slide-wrap '   ><div class='av-slideshow-caption av-k74z8km8-c785bd11a816a096e00d0bc3ad000019__0 caption_fullwidth caption_center'><div class=\"container caption_container\"><div class=\"slideshow_caption\"><div class=\"slideshow_inner_caption\"><div class=\"slideshow_align_caption\"><h2 class='avia-caption-title '  itemprop=\"name\" >Consultation publique sur les projets de normes<\/h2><\/div><\/div><\/div><\/div><\/div><\/div><\/li><\/ul><\/div><\/div><div id='after_full_slider_1'  class='main_color av_default_container_wrap container_wrap fullsize'  ><div class='container av-section-cont-open' ><div class='template-page content  av-content-full alpha units'><div class='post-entry post-entry-type-page post-entry-6239'><div class='entry-content-wrapper clearfix'>\n\n<style type=\"text\/css\" data-created_by=\"avia_inline_auto\" id=\"style-css-av-k74zo4cu-279c097bf43e1d9de12f3537b950e03f\">\n#top .av_textblock_section.av-k74zo4cu-279c097bf43e1d9de12f3537b950e03f .avia_textblock{\nfont-size:24px;\n}\n<\/style>\n<section  class='av_textblock_section av-k74zo4cu-279c097bf43e1d9de12f3537b950e03f '   itemscope=\"itemscope\" itemtype=\"https:\/\/schema.org\/CreativeWork\" ><div class='avia_textblock'  itemprop=\"text\" ><p class=\"p1\"><span class=\"s1\">L&#8217;une des principales justifications \u00e9thiques de la conduite de recherches humaines est de b\u00e9n\u00e9ficier \u00e0 la soci\u00e9t\u00e9. La r\u00e9troaction du public fait donc partie int\u00e9grante de l\u2019\u00e9laboration des normes de l\u2019ONRH.<\/span><\/p>\n<p><span class=\"s1\">L\u2019ONRH encourage chacun \u00e0 participer \u00e0 l&#8217;\u00e9laboration de ses normes. Veuillez nous suivre sur<\/span> Twitter <a href=\" https:\/\/twitter.com\/hrso_onrh\"><img loading=\"lazy\" decoding=\"async\" src=\"https:\/\/www.hrso-onrh.org\/francais\/wp-content\/uploads\/Twitter_Social_Icon_Rounded_Square_Color.png\" width=\"20\" height=\"20\" align=\"center\" \/> <\/a>ou LinkedIn <a href=\" https:\/\/www.linkedin.com\/company\/hrso-onrh\/\"><img loading=\"lazy\" decoding=\"async\" src=\"https:\/\/www.hrso-onrh.org\/francais\/wp-content\/uploads\/linkedInWhiteBackground.png\" width=\"20\" height=\"20\" align=\"center\" \/> <\/a>pour \u00eatre inform\u00e9 des p\u00e9riodes de consultation publique de l\u2019ONRH.<\/p>\n<\/div><\/section>\n\n<style type=\"text\/css\" data-created_by=\"avia_inline_auto\" id=\"style-css-av-k753a64q-440e4e16b315e8c2cc3107c2d309678c\">\n#top .hr.av-k753a64q-440e4e16b315e8c2cc3107c2d309678c{\nmargin-top:30px;\nmargin-bottom:30px;\n}\n.hr.av-k753a64q-440e4e16b315e8c2cc3107c2d309678c .hr-inner{\nwidth:100%;\nborder-color:#76b161;\n}\n<\/style>\n<div  class='hr av-k753a64q-440e4e16b315e8c2cc3107c2d309678c hr-custom  avia-builder-el-2  el_after_av_textblock  el_before_av_textblock  color000000 hr-center hr-icon-no'><span class='hr-inner inner-border-av-border-thin'><span class=\"hr-inner-style\"><\/span><\/span><\/div>\n\n<style type=\"text\/css\" data-created_by=\"avia_inline_auto\" id=\"style-css-av-k753bjj2-d8f110c7aab9dc1e4f677b1a3cf390c6\">\n#top .av_textblock_section.av-k753bjj2-d8f110c7aab9dc1e4f677b1a3cf390c6 .avia_textblock{\nfont-size:24px;\n}\n<\/style>\n<section  class='av_textblock_section av-k753bjj2-d8f110c7aab9dc1e4f677b1a3cf390c6 '   itemscope=\"itemscope\" itemtype=\"https:\/\/schema.org\/CreativeWork\" ><div class='avia_textblock'  itemprop=\"text\" ><p><strong><span style=\"color: #76b161;\">Consultations publiques ouvertes<\/span><\/strong><\/p>\n<p>Il n&#8217;y a actuellement aucune norme disponible pour consultation publique. S&#8217;il vous pla\u00eet visitez-nous \u00e0 nouveau bient\u00f4t!<u><\/u><\/p>\n<\/div><\/section>\n","protected":false},"excerpt":{"rendered":"","protected":false},"author":2,"featured_media":0,"parent":6647,"menu_order":0,"comment_status":"closed","ping_status":"closed","template":"","meta":{"footnotes":""},"class_list":["post-6239","page","type-page","status-publish","hentry"],"_links":{"self":[{"href":"https:\/\/www.hrso-onrh.org\/francais\/wp-json\/wp\/v2\/pages\/6239","targetHints":{"allow":["GET"]}}],"collection":[{"href":"https:\/\/www.hrso-onrh.org\/francais\/wp-json\/wp\/v2\/pages"}],"about":[{"href":"https:\/\/www.hrso-onrh.org\/francais\/wp-json\/wp\/v2\/types\/page"}],"author":[{"embeddable":true,"href":"https:\/\/www.hrso-onrh.org\/francais\/wp-json\/wp\/v2\/users\/2"}],"replies":[{"embeddable":true,"href":"https:\/\/www.hrso-onrh.org\/francais\/wp-json\/wp\/v2\/comments?post=6239"}],"version-history":[{"count":3,"href":"https:\/\/www.hrso-onrh.org\/francais\/wp-json\/wp\/v2\/pages\/6239\/revisions"}],"predecessor-version":[{"id":7668,"href":"https:\/\/www.hrso-onrh.org\/francais\/wp-json\/wp\/v2\/pages\/6239\/revisions\/7668"}],"up":[{"embeddable":true,"href":"https:\/\/www.hrso-onrh.org\/francais\/wp-json\/wp\/v2\/pages\/6647"}],"wp:attachment":[{"href":"https:\/\/www.hrso-onrh.org\/francais\/wp-json\/wp\/v2\/media?parent=6239"}],"curies":[{"name":"wp","href":"https:\/\/api.w.org\/{rel}","templated":true}]}}