{"id":6094,"date":"2020-02-26T21:19:45","date_gmt":"2020-02-26T21:19:45","guid":{"rendered":"https:\/\/www.hrso-onrh.org\/francais\/?page_id=6094"},"modified":"2023-09-07T18:39:10","modified_gmt":"2023-09-07T18:39:10","slug":"quelle-est-la-difference-entre-une-politique-une-norme-et-une-procedure","status":"publish","type":"page","link":"https:\/\/www.hrso-onrh.org\/francais\/normes\/quelle-est-la-difference-entre-une-politique-une-norme-et-une-procedure\/","title":{"rendered":"Qu&#8217;est-ce qu&#8217;une norme?"},"content":{"rendered":"<div   class='avia-fullscreen-slider main_color av-medium-hide av-small-hide av-mini-hide  avia-builder-el-0  el_before_av_textblock  avia-builder-el-first  container_wrap fullsize'  >\n<style type=\"text\/css\" data-created_by=\"avia_inline_auto\" id=\"style-css-av-k73tndtk-7ae6a3c5f54e487aeee1db9902fa5fc1\">\n#top #wrap_all .avia-slideshow .av-slideshow-caption.av-k73tndtk-7ae6a3c5f54e487aeee1db9902fa5fc1__0 .avia-caption-title{\nfont-size:36px;\ncolor:#76b161;\n}\n#top .avia-slideshow .av-slideshow-caption.av-k73tndtk-7ae6a3c5f54e487aeee1db9902fa5fc1__0 .avia-caption-content{\ncolor:#76b161;\n}\n<\/style>\n<a href='#next-section' title='' class='scroll-down-link av-control-default avia-svg-icon avia-font-svg_entypo-fontello' data-av_svg_icon='down-open-mini' data-av_iconset='svg_entypo-fontello'><svg version=\"1.1\" xmlns=\"http:\/\/www.w3.org\/2000\/svg\" width=\"15\" height=\"32\" viewBox=\"0 0 15 32\" preserveAspectRatio=\"xMidYMid meet\" aria-labelledby='av-svg-title-1' aria-describedby='av-svg-desc-1' role=\"graphics-symbol\" aria-hidden=\"true\">\n<title id='av-svg-title-1'>Scroll to next section<\/title>\n<desc id='av-svg-desc-1'>Scroll to next section<\/desc>\n<path d=\"M12.96 12.16q0.704-0.832 1.536 0 0.832 0.704 0 1.536l-6.272 6.144q-0.704 0.704-1.536 0l-6.272-6.144q-0.832-0.832 0-1.536 0.768-0.768 1.6 0l5.44 4.992z\"><\/path>\n<\/svg><\/a><div  class='avia-slideshow av-k73tndtk-7ae6a3c5f54e487aeee1db9902fa5fc1 avia-slideshow-no scaling av_fullscreen avia-fade-slider av-medium-hide av-small-hide av-mini-hide av-slideshow-ui av-control-default av-slideshow-manual av-loop-once av-loop-manual-endless av-slider-scroll-down-active av-default-height-applied   avia-slideshow-1' data-slideshow-options=\"{&quot;animation&quot;:&quot;fade&quot;,&quot;autoplay&quot;:false,&quot;loop_autoplay&quot;:&quot;once&quot;,&quot;interval&quot;:5,&quot;loop_manual&quot;:&quot;manual-endless&quot;,&quot;autoplay_stopper&quot;:false,&quot;noNavigation&quot;:false,&quot;bg_slider&quot;:true,&quot;keep_padding&quot;:false,&quot;hoverpause&quot;:false,&quot;show_slide_delay&quot;:0,&quot;slide_height&quot;:&quot;100&quot;,&quot;image_attachment&quot;:&quot;fixed&quot;}\"  itemprop=\"image\" itemscope=\"itemscope\" itemtype=\"https:\/\/schema.org\/ImageObject\" ><ul class='avia-slideshow-inner ' style='padding-bottom: 34.6%;'><li style='background-position:center center;' data-img-url='https:\/\/www.hrso-onrh.org\/francais\/wp-content\/uploads\/HRSOStandards.jpg' class='avia-slideshow-slide av-k73tndtk-7ae6a3c5f54e487aeee1db9902fa5fc1__0  av-single-slide slide-1 slide-odd'><div data-rel='slideshow-1' class='avia-slide-wrap '   ><div class='av-slideshow-caption av-k73tndtk-7ae6a3c5f54e487aeee1db9902fa5fc1__0 caption_fullwidth caption_right'><div class=\"container caption_container\"><div class=\"slideshow_caption\"><div class=\"slideshow_inner_caption\"><div class=\"slideshow_align_caption\"><h2 class='avia-caption-title '  itemprop=\"name\" >Qu\u2018est-ce qu\u2019une norme?<\/h2><\/div><\/div><\/div><\/div><\/div><\/div><\/li><\/ul><\/div><\/div><div id='after_full_slider_1'  class='main_color av_default_container_wrap container_wrap fullsize'  ><div class='container av-section-cont-open' ><div class='template-page content  av-content-full alpha units'><div class='post-entry post-entry-type-page post-entry-6094'><div class='entry-content-wrapper clearfix'>\n\n<style type=\"text\/css\" data-created_by=\"avia_inline_auto\" id=\"style-css-av-k73tkuc7-edf8cc9fb400a26580c94842be3e8e62\">\n#top .av_textblock_section.av-k73tkuc7-edf8cc9fb400a26580c94842be3e8e62 .avia_textblock{\nfont-size:24px;\n}\n<\/style>\n<section  class='av_textblock_section av-k73tkuc7-edf8cc9fb400a26580c94842be3e8e62 '   itemscope=\"itemscope\" itemtype=\"https:\/\/schema.org\/CreativeWork\" ><div class='avia_textblock'  itemprop=\"text\" ><div class=\"page\" title=\"Page 1\">\n<div class=\"section\">\n<div class=\"layoutArea\">\n<div class=\"column\">\n<p><span class=\"s1\">Les normes encadrent, guident et normalisent presque tous les aspects de notre vie, favorisant les meilleures pratiques de l&#8217;industrie et de la s\u00e9curit\u00e9, et garantissant l&#8217;interop\u00e9rabilit\u00e9 de ces pratiques. Le Canada a des normes pour les soins de sant\u00e9, les technologies de l&#8217;information, la comptabilit\u00e9, l&#8217;agriculture, la plomberie, l&#8217;\u00e9lectricit\u00e9 et de nombreux autres secteurs de notre soci\u00e9t\u00e9.<\/span><\/p>\n<p class=\"p1\"><span class=\"s1\">Gr\u00e2ce au processus d&#8217;interpr\u00e9tation et d&#8217;accord consensuel, les normes nous indiquent ce qui est n\u00e9cessaire pour respecter les politiques actuelles et autres r\u00e9f\u00e9rences normatives.<\/span><\/p>\n<p class=\"p1\"><span class=\"s1\">En \u00e9liminant la variabilit\u00e9 dans l&#8217;interpr\u00e9tation des politiques et autres r\u00e9f\u00e9rences normatives, les normes fournissent aux chercheurs des exigences claires et concises sur lesquelles ils peuvent d\u00e9velopper leurs proc\u00e9dures uniques.<\/span><\/p>\n<\/div>\n<\/div>\n<\/div>\n<\/div>\n<\/div><\/section>\n\n<style type=\"text\/css\" data-created_by=\"avia_inline_auto\" id=\"style-css-av-lm9i8w6h-bed8bc2211c8e715091dfc5bfa6dfa0f\">\n.avia-image-container.av-lm9i8w6h-bed8bc2211c8e715091dfc5bfa6dfa0f img.avia_image{\nbox-shadow:none;\n}\n.avia-image-container.av-lm9i8w6h-bed8bc2211c8e715091dfc5bfa6dfa0f .av-image-caption-overlay-center{\ncolor:#ffffff;\n}\n<\/style>\n<div  class='avia-image-container av-lm9i8w6h-bed8bc2211c8e715091dfc5bfa6dfa0f av-styling- avia-align-center  avia-builder-el-2  el_after_av_textblock  avia-builder-el-last '   itemprop=\"image\" itemscope=\"itemscope\" itemtype=\"https:\/\/schema.org\/ImageObject\" ><div class=\"avia-image-container-inner\"><div class=\"avia-image-overlay-wrap\"><img fetchpriority=\"high\" class='wp-image-6683 avia-img-lazy-loading-not-6683 avia_image ' src='https:\/\/www.hrso-onrh.org\/francais\/wp-content\/uploads\/Processus.jpg' alt='' title='Processus'  height=\"768\" width=\"1366\"  itemprop=\"thumbnailUrl\"  \/><\/div><\/div><\/div>\n","protected":false},"excerpt":{"rendered":"","protected":false},"author":2,"featured_media":0,"parent":2914,"menu_order":0,"comment_status":"closed","ping_status":"closed","template":"","meta":{"footnotes":""},"class_list":["post-6094","page","type-page","status-publish","hentry"],"_links":{"self":[{"href":"https:\/\/www.hrso-onrh.org\/francais\/wp-json\/wp\/v2\/pages\/6094","targetHints":{"allow":["GET"]}}],"collection":[{"href":"https:\/\/www.hrso-onrh.org\/francais\/wp-json\/wp\/v2\/pages"}],"about":[{"href":"https:\/\/www.hrso-onrh.org\/francais\/wp-json\/wp\/v2\/types\/page"}],"author":[{"embeddable":true,"href":"https:\/\/www.hrso-onrh.org\/francais\/wp-json\/wp\/v2\/users\/2"}],"replies":[{"embeddable":true,"href":"https:\/\/www.hrso-onrh.org\/francais\/wp-json\/wp\/v2\/comments?post=6094"}],"version-history":[{"count":0,"href":"https:\/\/www.hrso-onrh.org\/francais\/wp-json\/wp\/v2\/pages\/6094\/revisions"}],"up":[{"embeddable":true,"href":"https:\/\/www.hrso-onrh.org\/francais\/wp-json\/wp\/v2\/pages\/2914"}],"wp:attachment":[{"href":"https:\/\/www.hrso-onrh.org\/francais\/wp-json\/wp\/v2\/media?parent=6094"}],"curies":[{"name":"wp","href":"https:\/\/api.w.org\/{rel}","templated":true}]}}