{"id":5855,"date":"2020-02-24T23:39:24","date_gmt":"2020-02-24T23:39:24","guid":{"rendered":"https:\/\/www.hrso-onrh.org\/francais\/?page_id=5855"},"modified":"2022-12-19T19:45:26","modified_gmt":"2022-12-19T19:45:26","slug":"pourquoi-avons-nous-besoin-de-normes-nationales-pour-la-recherche-humaine","status":"publish","type":"page","link":"https:\/\/www.hrso-onrh.org\/francais\/normes\/pourquoi-avons-nous-besoin-de-normes-nationales-pour-la-recherche-humaine\/","title":{"rendered":"Pourquoi avons-nous besoin de normes pour la recherche humaine?"},"content":{"rendered":"<div   class='avia-fullscreen-slider main_color av-small-hide av-mini-hide  avia-builder-el-0  el_before_av_fullscreen  avia-builder-el-first  container_wrap fullsize'  >\n<style type=\"text\/css\" data-created_by=\"avia_inline_auto\" id=\"style-css-av-k714y7yc-dd999afa1cc01712aee8f047e6e9669a\">\n#top #wrap_all .avia-slideshow .av-slideshow-caption.av-k714y7yc-dd999afa1cc01712aee8f047e6e9669a__0 .avia-caption-title{\nfont-size:36px;\ncolor:#76b161;\n}\n#top .avia-slideshow .av-slideshow-caption.av-k714y7yc-dd999afa1cc01712aee8f047e6e9669a__0 .avia-caption-content{\ncolor:#76b161;\n}\n<\/style>\n<a href='#next-section' title='' class='scroll-down-link av-control-hidden avia-svg-icon avia-font-svg_entypo-fontello' data-av_svg_icon='down-open-mini' data-av_iconset='svg_entypo-fontello'><svg version=\"1.1\" xmlns=\"http:\/\/www.w3.org\/2000\/svg\" width=\"15\" height=\"32\" viewBox=\"0 0 15 32\" preserveAspectRatio=\"xMidYMid meet\" aria-labelledby='av-svg-title-1' aria-describedby='av-svg-desc-1' role=\"graphics-symbol\" aria-hidden=\"true\">\n<title id='av-svg-title-1'>Scroll to next section<\/title>\n<desc id='av-svg-desc-1'>Scroll to next section<\/desc>\n<path d=\"M12.96 12.16q0.704-0.832 1.536 0 0.832 0.704 0 1.536l-6.272 6.144q-0.704 0.704-1.536 0l-6.272-6.144q-0.832-0.832 0-1.536 0.768-0.768 1.6 0l5.44 4.992z\"><\/path>\n<\/svg><\/a><div  class='avia-slideshow av-k714y7yc-dd999afa1cc01712aee8f047e6e9669a avia-slideshow-no scaling av_fullscreen avia-fade-slider av-small-hide av-mini-hide av-slideshow-ui av-control-hidden av-no-slider-navigation av-hide-nav-arrows av-slideshow-manual av-loop-once av-loop-manual-endless av-slider-scroll-down-active av-default-height-applied   avia-slideshow-1' data-slideshow-options=\"{&quot;animation&quot;:&quot;fade&quot;,&quot;autoplay&quot;:false,&quot;loop_autoplay&quot;:&quot;once&quot;,&quot;interval&quot;:5,&quot;loop_manual&quot;:&quot;manual-endless&quot;,&quot;autoplay_stopper&quot;:false,&quot;noNavigation&quot;:true,&quot;bg_slider&quot;:true,&quot;keep_padding&quot;:false,&quot;hoverpause&quot;:false,&quot;show_slide_delay&quot;:0,&quot;slide_height&quot;:&quot;100&quot;,&quot;image_attachment&quot;:&quot;fixed&quot;}\"  itemprop=\"image\" itemscope=\"itemscope\" itemtype=\"https:\/\/schema.org\/ImageObject\" ><ul class='avia-slideshow-inner ' style='padding-bottom: 34.6%;'><li style='background-position:center center;' data-img-url='https:\/\/www.hrso-onrh.org\/francais\/wp-content\/uploads\/HRSOStandards.jpg' class='avia-slideshow-slide av-k714y7yc-dd999afa1cc01712aee8f047e6e9669a__0  av-single-slide slide-1 slide-odd'><div data-rel='slideshow-1' class='avia-slide-wrap '   ><div class='av-slideshow-caption av-k714y7yc-dd999afa1cc01712aee8f047e6e9669a__0 caption_fullwidth caption_right'><div class=\"container caption_container\"><div class=\"slideshow_caption\"><div class=\"slideshow_inner_caption\"><div class=\"slideshow_align_caption\"><h2 class='avia-caption-title '  itemprop=\"name\" >Pourquoi avons-nous besoin de normes pour la recherche humaine?<\/h2><\/div><\/div><\/div><\/div><\/div><\/div><\/li><\/ul><\/div><\/div>\n<div   class='avia-fullscreen-slider main_color av-desktop-hide av-medium-hide  avia-builder-el-1  el_after_av_fullscreen  el_before_av_textblock  slider-not-first container_wrap fullsize'  >\n<style type=\"text\/css\" data-created_by=\"avia_inline_auto\" id=\"style-css-av-k714y7yc-b2ecc3997fe514c81b7ef15abcee6212\">\n#top #wrap_all .avia-slideshow .av-slideshow-caption.av-k714y7yc-b2ecc3997fe514c81b7ef15abcee6212__0 .avia-caption-title{\ncolor:#000000;\n}\n<\/style>\n<a href='#next-section' title='' class='scroll-down-link av-control-hidden avia-svg-icon avia-font-svg_entypo-fontello' data-av_svg_icon='down-open-mini' data-av_iconset='svg_entypo-fontello'><svg version=\"1.1\" xmlns=\"http:\/\/www.w3.org\/2000\/svg\" width=\"15\" height=\"32\" viewBox=\"0 0 15 32\" preserveAspectRatio=\"xMidYMid meet\" aria-labelledby='av-svg-title-2' aria-describedby='av-svg-desc-2' role=\"graphics-symbol\" aria-hidden=\"true\">\n<title id='av-svg-title-2'>Scroll to next section<\/title>\n<desc id='av-svg-desc-2'>Scroll to next section<\/desc>\n<path d=\"M12.96 12.16q0.704-0.832 1.536 0 0.832 0.704 0 1.536l-6.272 6.144q-0.704 0.704-1.536 0l-6.272-6.144q-0.832-0.832 0-1.536 0.768-0.768 1.6 0l5.44 4.992z\"><\/path>\n<\/svg><\/a><div  class='avia-slideshow av-k714y7yc-b2ecc3997fe514c81b7ef15abcee6212 avia-slideshow-no scaling av_fullscreen avia-fade-slider av-desktop-hide av-medium-hide av-slideshow-ui av-control-hidden av-no-slider-navigation av-hide-nav-arrows av-slideshow-manual av-loop-once av-loop-manual-endless av-slider-scroll-down-active av-default-height-applied   avia-slideshow-2' data-slideshow-options=\"{&quot;animation&quot;:&quot;fade&quot;,&quot;autoplay&quot;:false,&quot;loop_autoplay&quot;:&quot;once&quot;,&quot;interval&quot;:5,&quot;loop_manual&quot;:&quot;manual-endless&quot;,&quot;autoplay_stopper&quot;:false,&quot;noNavigation&quot;:true,&quot;bg_slider&quot;:true,&quot;keep_padding&quot;:false,&quot;hoverpause&quot;:false,&quot;show_slide_delay&quot;:0,&quot;slide_height&quot;:&quot;100&quot;,&quot;image_attachment&quot;:&quot;&quot;}\"  itemprop=\"image\" itemscope=\"itemscope\" itemtype=\"https:\/\/schema.org\/ImageObject\" ><ul class='avia-slideshow-inner ' style='padding-bottom: 34.53125%;'><li style='background-position:center center;' data-img-url='https:\/\/www.hrso-onrh.org\/francais\/wp-content\/uploads\/StandardsSM-e1582850681705.jpg' class='avia-slideshow-slide av-k714y7yc-b2ecc3997fe514c81b7ef15abcee6212__0  av-single-slide slide-1 slide-odd'><div data-rel='slideshow-2' class='avia-slide-wrap '   ><div class='av-slideshow-caption av-k714y7yc-b2ecc3997fe514c81b7ef15abcee6212__0 caption_fullwidth caption_right'><div class=\"container caption_container\"><div class=\"slideshow_caption\"><div class=\"slideshow_inner_caption\"><div class=\"slideshow_align_caption\"><h2 class='avia-caption-title '  itemprop=\"name\" >Pourquoi avons-nous besoin de normes pour la recherche humaine?<\/h2><\/div><\/div><\/div><\/div><\/div><\/div><\/li><\/ul><\/div><\/div><div id='after_full_slider_2'  class='main_color av_default_container_wrap container_wrap fullsize'  ><div class='container av-section-cont-open' ><div class='template-page content  av-content-full alpha units'><div class='post-entry post-entry-type-page post-entry-5855'><div class='entry-content-wrapper clearfix'>\n\n<style type=\"text\/css\" data-created_by=\"avia_inline_auto\" id=\"style-css-av-k713rnq7-447e9ebbac0aceec156fa84edbd61e6d\">\n#top .av_textblock_section.av-k713rnq7-447e9ebbac0aceec156fa84edbd61e6d .avia_textblock{\nfont-size:20px;\n}\n<\/style>\n<section  class='av_textblock_section av-k713rnq7-447e9ebbac0aceec156fa84edbd61e6d '   itemscope=\"itemscope\" itemtype=\"https:\/\/schema.org\/CreativeWork\" ><div class='avia_textblock'  itemprop=\"text\" ><div class=\"page\" title=\"Page 1\">\n<div class=\"section\">\n<div class=\"layoutArea\">\n<div class=\"column\">\n<p class=\"p1\"><span class=\"s1\">Compte tenu de l&#8217;importance fondamentale et soci\u00e9tale de la recherche humaine, elle doit \u00eatre men\u00e9e de mani\u00e8re \u00e9thique, scientifique et d&#8217;une mani\u00e8re qui prot\u00e8ge les droits et le bien-\u00eatre des participants \u00e0 la recherche.<\/span><\/p>\n<p class=\"p1\"><span class=\"s1\">La conformit\u00e9 aux normes de recherche humaine assure que les droits et le bien-\u00eatre des participants \u00e0 la recherche sont prot\u00e9g\u00e9s et que la recherche humaine est men\u00e9e dans un environnement qui favorise l&#8217;efficacit\u00e9, att\u00e9nue les risques et produit des donn\u00e9es fiables, v\u00e9rifiables et cr\u00e9dibles.<\/span><\/p>\n<p class=\"p1\"><span class=\"s1\">Les normes favorisent la conduite et la surveillance uniformes de la recherche humaine d&#8217;une organisation \u00e0 une autre et d&#8217;une province \u00e0 l&#8217;autre &#8211; \u00e9liminant les obstacles \u00e0 l&#8217;harmonisation, \u00e0 la collaboration et \u00e0 la croissance de ce secteur industriel au Canada et dans le monde.<\/span><\/p>\n<\/div>\n<\/div>\n<\/div>\n<\/div>\n<\/div><\/section>\n","protected":false},"excerpt":{"rendered":"","protected":false},"author":2,"featured_media":0,"parent":2914,"menu_order":0,"comment_status":"closed","ping_status":"closed","template":"","meta":{"footnotes":""},"class_list":["post-5855","page","type-page","status-publish","hentry"],"_links":{"self":[{"href":"https:\/\/www.hrso-onrh.org\/francais\/wp-json\/wp\/v2\/pages\/5855","targetHints":{"allow":["GET"]}}],"collection":[{"href":"https:\/\/www.hrso-onrh.org\/francais\/wp-json\/wp\/v2\/pages"}],"about":[{"href":"https:\/\/www.hrso-onrh.org\/francais\/wp-json\/wp\/v2\/types\/page"}],"author":[{"embeddable":true,"href":"https:\/\/www.hrso-onrh.org\/francais\/wp-json\/wp\/v2\/users\/2"}],"replies":[{"embeddable":true,"href":"https:\/\/www.hrso-onrh.org\/francais\/wp-json\/wp\/v2\/comments?post=5855"}],"version-history":[{"count":0,"href":"https:\/\/www.hrso-onrh.org\/francais\/wp-json\/wp\/v2\/pages\/5855\/revisions"}],"up":[{"embeddable":true,"href":"https:\/\/www.hrso-onrh.org\/francais\/wp-json\/wp\/v2\/pages\/2914"}],"wp:attachment":[{"href":"https:\/\/www.hrso-onrh.org\/francais\/wp-json\/wp\/v2\/media?parent=5855"}],"curies":[{"name":"wp","href":"https:\/\/api.w.org\/{rel}","templated":true}]}}