{"id":4100,"date":"2020-02-14T01:10:45","date_gmt":"2020-02-14T01:10:45","guid":{"rendered":"https:\/\/www.hrso-onrh.org\/francais\/?page_id=4100"},"modified":"2022-12-19T19:53:41","modified_gmt":"2022-12-19T19:53:41","slug":"participation-au-comite-technique","status":"publish","type":"page","link":"https:\/\/www.hrso-onrh.org\/francais\/vous-et-onrh\/participation-au-comite-technique\/","title":{"rendered":"Participation au comit\u00e9 technique"},"content":{"rendered":"<div   class='avia-fullscreen-slider main_color   avia-builder-el-0  el_before_av_textblock  avia-builder-el-first  container_wrap fullsize'  >\n<style type=\"text\/css\" data-created_by=\"avia_inline_auto\" id=\"style-css-av-k6xri8k3-43467310ac6cf60fdaa7c08ab516b9ba\">\n#top #wrap_all .avia-slideshow .av-slideshow-caption.av-k6xri8k3-43467310ac6cf60fdaa7c08ab516b9ba__0 .avia-caption-title{\nfont-size:36px;\ncolor:#ffffff;\n}\n<\/style>\n<a href='#next-section' title='' class='scroll-down-link av-control-default avia-svg-icon avia-font-svg_entypo-fontello' data-av_svg_icon='down-open-mini' data-av_iconset='svg_entypo-fontello'><svg version=\"1.1\" xmlns=\"http:\/\/www.w3.org\/2000\/svg\" width=\"15\" height=\"32\" viewBox=\"0 0 15 32\" preserveAspectRatio=\"xMidYMid meet\" aria-labelledby='av-svg-title-1' aria-describedby='av-svg-desc-1' role=\"graphics-symbol\" aria-hidden=\"true\">\n<title id='av-svg-title-1'>Scroll to next section<\/title>\n<desc id='av-svg-desc-1'>Scroll to next section<\/desc>\n<path d=\"M12.96 12.16q0.704-0.832 1.536 0 0.832 0.704 0 1.536l-6.272 6.144q-0.704 0.704-1.536 0l-6.272-6.144q-0.832-0.832 0-1.536 0.768-0.768 1.6 0l5.44 4.992z\"><\/path>\n<\/svg><\/a><div  class='avia-slideshow av-k6xri8k3-43467310ac6cf60fdaa7c08ab516b9ba avia-slideshow-no scaling av_fullscreen avia-fade-slider av-slideshow-ui av-control-default av-slideshow-manual av-loop-once av-loop-manual-endless av-slider-scroll-down-active av-default-height-applied   avia-slideshow-1' data-slideshow-options=\"{&quot;animation&quot;:&quot;fade&quot;,&quot;autoplay&quot;:false,&quot;loop_autoplay&quot;:&quot;once&quot;,&quot;interval&quot;:5,&quot;loop_manual&quot;:&quot;manual-endless&quot;,&quot;autoplay_stopper&quot;:false,&quot;noNavigation&quot;:false,&quot;bg_slider&quot;:true,&quot;keep_padding&quot;:false,&quot;hoverpause&quot;:false,&quot;show_slide_delay&quot;:0,&quot;slide_height&quot;:&quot;100&quot;,&quot;image_attachment&quot;:&quot;fixed&quot;}\"  itemprop=\"image\" itemscope=\"itemscope\" itemtype=\"https:\/\/schema.org\/ImageObject\" ><ul class='avia-slideshow-inner ' style='padding-bottom: 50%;'><li style='background-position:center center;' data-img-url='https:\/\/www.hrso-onrh.org\/francais\/wp-content\/uploads\/YouandHRSO.jpg' class='avia-slideshow-slide av-k6xri8k3-43467310ac6cf60fdaa7c08ab516b9ba__0  av-single-slide slide-1 slide-odd'><div data-rel='slideshow-1' class='avia-slide-wrap '   ><div class='av-slideshow-caption av-k6xri8k3-43467310ac6cf60fdaa7c08ab516b9ba__0 caption_fullwidth caption_center'><div class=\"container caption_container\"><div class=\"slideshow_caption\"><div class=\"slideshow_inner_caption\"><div class=\"slideshow_align_caption\"><h2 class='avia-caption-title '  itemprop=\"name\" >Participation au comit\u00e9 technique<\/h2><\/div><\/div><\/div><\/div><\/div><\/div><\/li><\/ul><\/div><\/div><div id='after_full_slider_1'  class='main_color av_default_container_wrap container_wrap fullsize'  ><div class='container av-section-cont-open' ><div class='template-page content  av-content-full alpha units'><div class='post-entry post-entry-type-page post-entry-4100'><div class='entry-content-wrapper clearfix'>\n\n<style type=\"text\/css\" data-created_by=\"avia_inline_auto\" id=\"style-css-av-k6xrg8io-092348b9712b505d6052fb2f88bd624a\">\n#top .av_textblock_section.av-k6xrg8io-092348b9712b505d6052fb2f88bd624a .avia_textblock{\nfont-size:24px;\n}\n<\/style>\n<section  class='av_textblock_section av-k6xrg8io-092348b9712b505d6052fb2f88bd624a '   itemscope=\"itemscope\" itemtype=\"https:\/\/schema.org\/CreativeWork\" ><div class='avia_textblock'  itemprop=\"text\" ><p class=\"p1\"><span class=\"s1\">Les comit\u00e9s techniques de l\u2019ONRH repr\u00e9sentent un \u00e9quilibre entre les groupes d\u2019int\u00e9r\u00eats concern\u00e9s et sont compos\u00e9s de personnes provenant de toutes les r\u00e9gions du Canada.<\/span><\/p>\n<p class=\"p1\"><span class=\"s1\">Les efforts des administrateurs de recherche, des chercheurs, des bio\u00e9thiciens, des organismes de r\u00e9glementation, des commanditaires, des responsables politiques, des assureurs, des v\u00e9rificateurs et des participants \u00e0 la recherche canadiens sont combin\u00e9s dans l\u2019\u00e9laboration des normes de l\u2019ONRH.<\/span><\/p>\n<p class=\"p1\"><span class=\"s1\">Nous recherchons toujours des visionnaires progressistes comme vous. <\/span><u><a href=\"https:\/\/www.hrso-onrh.org\/francais\/nous-contacter\/\">Veuillez nous contacter<\/a><\/u><span class=\"s1\"> si vous souhaitez \u00eatre consid\u00e9r\u00e9 comme membre d&#8217;un comit\u00e9 technique de l\u2019ONRH.<\/span><\/p>\n<\/div><\/section>\n","protected":false},"excerpt":{"rendered":"","protected":false},"author":2,"featured_media":0,"parent":6647,"menu_order":0,"comment_status":"closed","ping_status":"closed","template":"","meta":{"footnotes":""},"class_list":["post-4100","page","type-page","status-publish","hentry"],"_links":{"self":[{"href":"https:\/\/www.hrso-onrh.org\/francais\/wp-json\/wp\/v2\/pages\/4100","targetHints":{"allow":["GET"]}}],"collection":[{"href":"https:\/\/www.hrso-onrh.org\/francais\/wp-json\/wp\/v2\/pages"}],"about":[{"href":"https:\/\/www.hrso-onrh.org\/francais\/wp-json\/wp\/v2\/types\/page"}],"author":[{"embeddable":true,"href":"https:\/\/www.hrso-onrh.org\/francais\/wp-json\/wp\/v2\/users\/2"}],"replies":[{"embeddable":true,"href":"https:\/\/www.hrso-onrh.org\/francais\/wp-json\/wp\/v2\/comments?post=4100"}],"version-history":[{"count":0,"href":"https:\/\/www.hrso-onrh.org\/francais\/wp-json\/wp\/v2\/pages\/4100\/revisions"}],"up":[{"embeddable":true,"href":"https:\/\/www.hrso-onrh.org\/francais\/wp-json\/wp\/v2\/pages\/6647"}],"wp:attachment":[{"href":"https:\/\/www.hrso-onrh.org\/francais\/wp-json\/wp\/v2\/media?parent=4100"}],"curies":[{"name":"wp","href":"https:\/\/api.w.org\/{rel}","templated":true}]}}