{"id":3832,"date":"2020-02-14T01:08:31","date_gmt":"2020-02-14T01:08:31","guid":{"rendered":"https:\/\/www.hrso-onrh.org\/francais\/?page_id=3832"},"modified":"2022-12-15T19:53:01","modified_gmt":"2022-12-15T19:53:01","slug":"comites-techniques","status":"publish","type":"page","link":"https:\/\/www.hrso-onrh.org\/francais\/direction\/comites-techniques\/","title":{"rendered":"Comit\u00e9s techniques"},"content":{"rendered":"<div   class='avia-fullscreen-slider main_color av-small-hide av-mini-hide  avia-builder-el-0  el_before_av_fullscreen  avia-builder-el-first  container_wrap fullsize'  >\n<style type=\"text\/css\" data-created_by=\"avia_inline_auto\" id=\"style-css-av-k6wwx31q-9c9ee18eb16142cf7140dde47721ddc7\">\n#top #wrap_all .avia-slideshow .av-slideshow-caption.av-k6wwx31q-9c9ee18eb16142cf7140dde47721ddc7__0 .avia-caption-title{\nfont-size:36px;\ncolor:#ffffff;\n}\n#top .avia-slideshow .av-slideshow-caption.av-k6wwx31q-9c9ee18eb16142cf7140dde47721ddc7__0 .avia-caption-content{\ncolor:#ffffff;\n}\n\n@media only screen and (min-width: 768px) and (max-width: 989px){ \n#top #wrap_all .avia-slideshow .av-slideshow-caption.av-k6wwx31q-9c9ee18eb16142cf7140dde47721ddc7__0 .avia-caption-title{\nfont-size:12px;\n}\n}\n\n@media only screen and (min-width: 480px) and (max-width: 767px){ \n#top #wrap_all .avia-slideshow .av-slideshow-caption.av-k6wwx31q-9c9ee18eb16142cf7140dde47721ddc7__0 .avia-caption-title{\nfont-size:10px;\n}\n}\n\n@media only screen and (max-width: 479px){ \n#top #wrap_all .avia-slideshow .av-slideshow-caption.av-k6wwx31q-9c9ee18eb16142cf7140dde47721ddc7__0 .avia-caption-title{\nfont-size:10px;\n}\n}\n<\/style>\n<a href='#next-section' title='' class='scroll-down-link av-control-hidden avia-svg-icon avia-font-svg_entypo-fontello' data-av_svg_icon='down-open-mini' data-av_iconset='svg_entypo-fontello'><svg version=\"1.1\" xmlns=\"http:\/\/www.w3.org\/2000\/svg\" width=\"15\" height=\"32\" viewBox=\"0 0 15 32\" preserveAspectRatio=\"xMidYMid meet\" aria-labelledby='av-svg-title-1' aria-describedby='av-svg-desc-1' role=\"graphics-symbol\" aria-hidden=\"true\">\n<title id='av-svg-title-1'>Scroll to next section<\/title>\n<desc id='av-svg-desc-1'>Scroll to next section<\/desc>\n<path d=\"M12.96 12.16q0.704-0.832 1.536 0 0.832 0.704 0 1.536l-6.272 6.144q-0.704 0.704-1.536 0l-6.272-6.144q-0.832-0.832 0-1.536 0.768-0.768 1.6 0l5.44 4.992z\"><\/path>\n<\/svg><\/a><div  class='avia-slideshow av-k6wwx31q-9c9ee18eb16142cf7140dde47721ddc7 avia-slideshow-no scaling av_fullscreen avia-fade-slider av-small-hide av-mini-hide av-slideshow-ui av-control-hidden av-no-slider-navigation av-hide-nav-arrows av-slideshow-manual av-loop-once av-loop-manual-endless av-slider-scroll-down-active av-default-height-applied   avia-slideshow-1' data-slideshow-options=\"{&quot;animation&quot;:&quot;fade&quot;,&quot;autoplay&quot;:false,&quot;loop_autoplay&quot;:&quot;once&quot;,&quot;interval&quot;:5,&quot;loop_manual&quot;:&quot;manual-endless&quot;,&quot;autoplay_stopper&quot;:false,&quot;noNavigation&quot;:true,&quot;bg_slider&quot;:true,&quot;keep_padding&quot;:false,&quot;hoverpause&quot;:false,&quot;show_slide_delay&quot;:0,&quot;slide_height&quot;:&quot;100&quot;,&quot;image_attachment&quot;:&quot;fixed&quot;}\"  itemprop=\"image\" itemscope=\"itemscope\" itemtype=\"https:\/\/schema.org\/ImageObject\" ><ul class='avia-slideshow-inner ' style='padding-bottom: 45%;'><li style='background-position:center center;' data-img-url='https:\/\/www.hrso-onrh.org\/francais\/wp-content\/uploads\/LeadershipwithText.jpg' class='avia-slideshow-slide av-k6wwx31q-9c9ee18eb16142cf7140dde47721ddc7__0  av-single-slide slide-1 slide-odd'><div data-rel='slideshow-1' class='avia-slide-wrap '   ><div class='av-slideshow-caption av-k6wwx31q-9c9ee18eb16142cf7140dde47721ddc7__0 caption_fullwidth caption_center'><div class=\"container caption_container\"><div class=\"slideshow_caption\"><div class=\"slideshow_inner_caption\"><div class=\"slideshow_align_caption\"><h2 class='avia-caption-title '  itemprop=\"name\" >Comit\u00e9s techniques<\/h2><\/div><\/div><\/div><\/div><\/div><\/div><\/li><\/ul><\/div><\/div>\n<div   class='avia-fullscreen-slider main_color av-desktop-hide av-medium-hide  avia-builder-el-1  el_after_av_fullscreen  el_before_av_textblock  slider-not-first container_wrap fullsize'  >\n<style type=\"text\/css\" data-created_by=\"avia_inline_auto\" id=\"style-css-av-k6wwx31q-57042b2b55ab1360a6515b9829541067\">\n#top #wrap_all .avia-slideshow .av-slideshow-caption.av-k6wwx31q-57042b2b55ab1360a6515b9829541067__0 .avia-caption-title{\nfont-size:36px;\ncolor:#ffffff;\n}\n#top .avia-slideshow .av-slideshow-caption.av-k6wwx31q-57042b2b55ab1360a6515b9829541067__0 .avia-caption-content{\ncolor:#ffffff;\n}\n<\/style>\n<a href='#next-section' title='' class='scroll-down-link av-control-hidden avia-svg-icon avia-font-svg_entypo-fontello' data-av_svg_icon='down-open-mini' data-av_iconset='svg_entypo-fontello'><svg version=\"1.1\" xmlns=\"http:\/\/www.w3.org\/2000\/svg\" width=\"15\" height=\"32\" viewBox=\"0 0 15 32\" preserveAspectRatio=\"xMidYMid meet\" aria-labelledby='av-svg-title-2' aria-describedby='av-svg-desc-2' role=\"graphics-symbol\" aria-hidden=\"true\">\n<title id='av-svg-title-2'>Scroll to next section<\/title>\n<desc id='av-svg-desc-2'>Scroll to next section<\/desc>\n<path d=\"M12.96 12.16q0.704-0.832 1.536 0 0.832 0.704 0 1.536l-6.272 6.144q-0.704 0.704-1.536 0l-6.272-6.144q-0.832-0.832 0-1.536 0.768-0.768 1.6 0l5.44 4.992z\"><\/path>\n<\/svg><\/a><div  class='avia-slideshow av-k6wwx31q-57042b2b55ab1360a6515b9829541067 avia-slideshow-no scaling av_fullscreen avia-fade-slider av-desktop-hide av-medium-hide av-slideshow-ui av-control-hidden av-no-slider-navigation av-hide-nav-arrows av-slideshow-manual av-loop-once av-loop-manual-endless av-slider-scroll-down-active av-default-height-applied   avia-slideshow-2' data-slideshow-options=\"{&quot;animation&quot;:&quot;fade&quot;,&quot;autoplay&quot;:false,&quot;loop_autoplay&quot;:&quot;once&quot;,&quot;interval&quot;:5,&quot;loop_manual&quot;:&quot;manual-endless&quot;,&quot;autoplay_stopper&quot;:false,&quot;noNavigation&quot;:true,&quot;bg_slider&quot;:true,&quot;keep_padding&quot;:false,&quot;hoverpause&quot;:false,&quot;show_slide_delay&quot;:0,&quot;slide_height&quot;:&quot;100&quot;,&quot;image_attachment&quot;:&quot;&quot;}\"  itemprop=\"image\" itemscope=\"itemscope\" itemtype=\"https:\/\/schema.org\/ImageObject\" ><ul class='avia-slideshow-inner ' style='padding-bottom: 45%;'><li style='background-position:center center;' data-img-url='https:\/\/www.hrso-onrh.org\/francais\/wp-content\/uploads\/LeadershipMobile.jpg' class='avia-slideshow-slide av-k6wwx31q-57042b2b55ab1360a6515b9829541067__0  av-single-slide slide-1 slide-odd'><div data-rel='slideshow-2' class='avia-slide-wrap '   ><div class='av-slideshow-caption av-k6wwx31q-57042b2b55ab1360a6515b9829541067__0 caption_fullwidth caption_center'><div class=\"container caption_container\"><div class=\"slideshow_caption\"><div class=\"slideshow_inner_caption\"><div class=\"slideshow_align_caption\"><h2 class='avia-caption-title '  itemprop=\"name\" >Comit\u00e9s techniques<\/h2><\/div><\/div><\/div><\/div><\/div><\/div><\/li><\/ul><\/div><\/div><div id='after_full_slider_2'  class='main_color av_default_container_wrap container_wrap fullsize'  ><div class='container av-section-cont-open' ><div class='template-page content  av-content-full alpha units'><div class='post-entry post-entry-type-page post-entry-3832'><div class='entry-content-wrapper clearfix'>\n\n<style type=\"text\/css\" data-created_by=\"avia_inline_auto\" id=\"style-css-av-k6wwvpk0-21bd7fe45f233ba1a1ca8d7edf12e83a\">\n#top .av_textblock_section.av-k6wwvpk0-21bd7fe45f233ba1a1ca8d7edf12e83a .avia_textblock{\nfont-size:20px;\ncolor:#000000;\n}\n<\/style>\n<section  class='av_textblock_section av-k6wwvpk0-21bd7fe45f233ba1a1ca8d7edf12e83a '   itemscope=\"itemscope\" itemtype=\"https:\/\/schema.org\/CreativeWork\" ><div class='avia_textblock av_inherit_color'  itemprop=\"text\" ><p class=\"p1\"><span class=\"s1\">Les normes \u00e9labor\u00e9es par l\u2019ONRH ont un impact sur tous les Canadiens qui m\u00e8nent, supervisent et participent \u00e0 la recherche humaine. Par cons\u00e9quent, nos comit\u00e9s techniques repr\u00e9sentent un \u00e9quilibre entre les groupes d&#8217;int\u00e9r\u00eat concern\u00e9s et sont compos\u00e9s de personnes de toutes les r\u00e9gions du Canada.<\/span><\/p>\n<p class=\"p1\"><span class=\"s1\">L&#8217;ONRH dispose de comit\u00e9s techniques sp\u00e9cialis\u00e9s charg\u00e9s du d\u00e9veloppement complet de nos normes:<\/span><\/p>\n<\/div><\/section>\n<div  class='hr av-35eijs-d3c83ba9e6e1bbceff7fd1923a2d7f0a hr-default  avia-builder-el-3  el_after_av_textblock  el_before_av_headline_rotator '><span class='hr-inner '><span class=\"hr-inner-style\"><\/span><\/span><\/div>\n\n<style type=\"text\/css\" data-created_by=\"avia_inline_auto\" id=\"style-css-av-k6y7pj61-a4c9b5ba51287940f18558f01b30407a\">\n#top .av-rotator-container.av-k6y7pj61-a4c9b5ba51287940f18558f01b30407a{\ntext-align:center;\ncolor:#76b161;\n}\n<\/style>\n<div  class='av-rotator-container av-rotation-container-center av-k6y7pj61-a4c9b5ba51287940f18558f01b30407a  avia-builder-el-4  el_after_av_hr  el_before_av_hr  av-fixed-rotator-width' data-interval='3' data-animation='1' data-fixWidth='1'><h3 class='av-rotator-container-inner'><span class='av-rotator-text av-rotator-multiline-on'>\n<span class='av-rotator-text-single av-67eka0-58fc1d07b5a11caf8d92eca82131f8c0 av-rotator-text-single-1' >Examen et surveillance de l\u2019\u00e9thique de la recherche (ESER)<\/span>\n<span class='av-rotator-text-single av-39trko-a3195b967390b1686adf006d5e8abc61 av-rotator-text-single-2' >Conduite de recherches qualitatives et quantatives (CRQQ)<\/span>\n<span class='av-rotator-text-single av-2xs608-6440f7862492dc47601827fa94082a67 av-rotator-text-single-3' >Gestion des syst\u00e8mes qualit\u00e9 et de l\u2019int\u00e9grit\u00e9 de la recherche (GSQIR)<\/span>\n<\/span><\/h3><\/div>\n<div  class='hr av-2yr3q0-699e9a0bd2653b33b15fb58ae1a8e4c9 hr-default  avia-builder-el-5  el_after_av_headline_rotator  el_before_av_textblock '><span class='hr-inner '><span class=\"hr-inner-style\"><\/span><\/span><\/div>\n\n<style type=\"text\/css\" data-created_by=\"avia_inline_auto\" id=\"style-css-av-k6wwvpk0-61d854a4a1f78998c2c631ed7160f03d\">\n#top .av_textblock_section.av-k6wwvpk0-61d854a4a1f78998c2c631ed7160f03d .avia_textblock{\nfont-size:24px;\ncolor:#000000;\n}\n<\/style>\n<section  class='av_textblock_section av-k6wwvpk0-61d854a4a1f78998c2c631ed7160f03d '   itemscope=\"itemscope\" itemtype=\"https:\/\/schema.org\/CreativeWork\" ><div class='avia_textblock av_inherit_color'  itemprop=\"text\" ><p>Nous recherchons toujours des visionnaires progressistes comme vous. <a href=\"https:\/\/www.hrso-onrh.org\/francais\/nous-contacter\/\">Veuillez nous contacter<\/a> si vous souhaitez \u00eatre consid\u00e9r\u00e9 comme membre d&#8217;un comit\u00e9 technique l\u2019ONRH.<\/p>\n<\/div><\/section>\n","protected":false},"excerpt":{"rendered":"","protected":false},"author":2,"featured_media":0,"parent":7,"menu_order":0,"comment_status":"closed","ping_status":"closed","template":"","meta":{"footnotes":""},"class_list":["post-3832","page","type-page","status-publish","hentry"],"_links":{"self":[{"href":"https:\/\/www.hrso-onrh.org\/francais\/wp-json\/wp\/v2\/pages\/3832","targetHints":{"allow":["GET"]}}],"collection":[{"href":"https:\/\/www.hrso-onrh.org\/francais\/wp-json\/wp\/v2\/pages"}],"about":[{"href":"https:\/\/www.hrso-onrh.org\/francais\/wp-json\/wp\/v2\/types\/page"}],"author":[{"embeddable":true,"href":"https:\/\/www.hrso-onrh.org\/francais\/wp-json\/wp\/v2\/users\/2"}],"replies":[{"embeddable":true,"href":"https:\/\/www.hrso-onrh.org\/francais\/wp-json\/wp\/v2\/comments?post=3832"}],"version-history":[{"count":0,"href":"https:\/\/www.hrso-onrh.org\/francais\/wp-json\/wp\/v2\/pages\/3832\/revisions"}],"up":[{"embeddable":true,"href":"https:\/\/www.hrso-onrh.org\/francais\/wp-json\/wp\/v2\/pages\/7"}],"wp:attachment":[{"href":"https:\/\/www.hrso-onrh.org\/francais\/wp-json\/wp\/v2\/media?parent=3832"}],"curies":[{"name":"wp","href":"https:\/\/api.w.org\/{rel}","templated":true}]}}